{"id":7721,"date":"2023-02-21T17:05:33","date_gmt":"2023-02-21T15:05:33","guid":{"rendered":"http:\/\/eurex.lv\/?page_id=7721"},"modified":"2023-02-22T16:36:43","modified_gmt":"2023-02-22T14:36:43","slug":"licences","status":"publish","type":"page","link":"https:\/\/eurex.lv\/en\/about-us-2\/licences\/","title":{"rendered":"Licenses"},"content":{"rendered":"<p>SIA \u201cEurex Capital\u201d, reg no. 40003798275, reg. address: Ieri\u0137u iela 3, R\u012bga LV-1084 list of licenses:<\/p>\n<ul>\n<li>Ieri\u0137u iela 3 (s\/c \u201cDomina\u201d, 1st floor), R\u012bga, LV-1084<\/li>\n<li>Airport \u201cR\u012bga\u201d 10\/1 (terminal E, 2nd floor), M\u0101rupes nov., LV-1053<\/li>\n<li>Duntes iela 19A, (s\/c\u201dSky&amp;More\u201d, 1st floor), R\u012bga, LV-1005<\/li>\n<li>Airport \u201cR\u012bga\u201d 10\/1 (terminal F, 2nd floor, registration area), M\u0101rupes nov., LV-1053<\/li>\n<li>Airport \u201cR\u012bga\u201d 10\/1 (terminal C arrivals, 1st floor), M\u0101rupes nov., LV-1053<\/li>\n<\/ul>\n<p>Information of company registration is available here:<\/p>\n<p><a href=\"https:\/\/uzraudziba.bank.lv\/tirgus-dalibnieki\/valutu-tirdzniecibas-sabiedribas\/sia-eurex-capital\/\" target=\"_blank\" rel=\"noopener noreferrer\">https:\/\/uzraudziba.bank.lv\/tirgus-dalibnieki\/valutu-tirdzniecibas-sabiedribas\/sia-eurex-capital\/<\/a><\/p>\n","protected":false},"excerpt":{"rendered":"<p>SIA \u201cEurex Capital\u201d, reg no. 40003798275, reg. address: Ieri\u0137u iela 3, R\u012bga LV-1084 list of licenses: Ieri\u0137u iela 3 (s\/c \u201cDomina\u201d, 1st floor), R\u012bga, LV-1084 Airport \u201cR\u012bga\u201d 10\/1 (terminal E, 2nd floor), M\u0101rupes nov., LV-1053 Duntes iela 19A, (s\/c\u201dSky&amp;More\u201d, 1st floor), R\u012bga, LV-1005 Airport \u201cR\u012bga\u201d 10\/1 (terminal F, 2nd floor, registration area), M\u0101rupes nov., LV-1053 <\/p>\n","protected":false},"author":10,"featured_media":0,"parent":1187,"menu_order":4,"comment_status":"closed","ping_status":"closed","template":"","meta":{"footnotes":""},"class_list":["post-7721","page","type-page","status-publish","hentry"],"_links":{"self":[{"href":"https:\/\/eurex.lv\/en\/wp-json\/wp\/v2\/pages\/7721","targetHints":{"allow":["GET"]}}],"collection":[{"href":"https:\/\/eurex.lv\/en\/wp-json\/wp\/v2\/pages"}],"about":[{"href":"https:\/\/eurex.lv\/en\/wp-json\/wp\/v2\/types\/page"}],"author":[{"embeddable":true,"href":"https:\/\/eurex.lv\/en\/wp-json\/wp\/v2\/users\/10"}],"replies":[{"embeddable":true,"href":"https:\/\/eurex.lv\/en\/wp-json\/wp\/v2\/comments?post=7721"}],"version-history":[{"count":2,"href":"https:\/\/eurex.lv\/en\/wp-json\/wp\/v2\/pages\/7721\/revisions"}],"predecessor-version":[{"id":7724,"href":"https:\/\/eurex.lv\/en\/wp-json\/wp\/v2\/pages\/7721\/revisions\/7724"}],"up":[{"embeddable":true,"href":"https:\/\/eurex.lv\/en\/wp-json\/wp\/v2\/pages\/1187"}],"wp:attachment":[{"href":"https:\/\/eurex.lv\/en\/wp-json\/wp\/v2\/media?parent=7721"}],"curies":[{"name":"wp","href":"https:\/\/api.w.org\/{rel}","templated":true}]}}