{"id":6814,"date":"2023-02-21T14:00:47","date_gmt":"2023-02-21T12:00:47","guid":{"rendered":"http:\/\/www.eurex.lv\/?page_id=6814"},"modified":"2023-02-21T16:59:00","modified_gmt":"2023-02-21T14:59:00","slug":"licences","status":"publish","type":"page","link":"https:\/\/eurex.lv\/en\/licences\/","title":{"rendered":"Licences"},"content":{"rendered":"<p>SIA &#8220;Eurex Capital&#8221;, reg no. 40003798275, reg. address: Ieri\u0137u iela 3, R\u012bga LV-1084 list of licenses:<\/p>\n<ul>\n<li>Ieri\u0137u iela 3 (s\/c \u201cDomina\u201d, 1st floor), R\u012bga, LV-1084<\/li>\n<li>Airport \u201cR\u012bga\u201d 10\/1 (terminal E, 2nd floor), M\u0101rupes nov., LV-1053<\/li>\n<li>Duntes iela 19A, (s\/c&#8221;Sky&amp;More&#8221;, 1st floor), R\u012bga, LV-1005<\/li>\n<li>Airport \u201cR\u012bga\u201d 10\/1 (terminal F, 2nd floor, registration area), M\u0101rupes nov., LV-1053<\/li>\n<li>Airport \u201cR\u012bga\u201d 10\/1 (terminal C arrivals, 1st floor), M\u0101rupes nov., LV-1053<\/li>\n<\/ul>\n<p>Information of company registration is available here:<\/p>\n<p><a href=\"https:\/\/uzraudziba.bank.lv\/tirgus-dalibnieki\/valutu-tirdzniecibas-sabiedribas\/sia-eurex-capital\/\" target=\"_blank\" rel=\"noopener noreferrer\">https:\/\/uzraudziba.bank.lv\/tirgus-dalibnieki\/valutu-tirdzniecibas-sabiedribas\/sia-eurex-capital\/<\/a><\/p>\n<p>&nbsp;<\/p>\n","protected":false},"excerpt":{"rendered":"<p>SIA &#8220;Eurex Capital&#8221;, reg no. 40003798275, reg. address: Ieri\u0137u iela 3, R\u012bga LV-1084 list of licenses: Ieri\u0137u iela 3 (s\/c \u201cDomina\u201d, 1st floor), R\u012bga, LV-1084 Airport \u201cR\u012bga\u201d 10\/1 (terminal E, 2nd floor), M\u0101rupes nov., LV-1053 Duntes iela 19A, (s\/c&#8221;Sky&amp;More&#8221;, 1st floor), R\u012bga, LV-1005 Airport \u201cR\u012bga\u201d 10\/1 (terminal F, 2nd floor, registration area), M\u0101rupes nov., LV-1053 <\/p>\n","protected":false},"author":9,"featured_media":0,"parent":0,"menu_order":4,"comment_status":"closed","ping_status":"closed","template":"","meta":{"footnotes":""},"class_list":["post-6814","page","type-page","status-publish","hentry"],"_links":{"self":[{"href":"https:\/\/eurex.lv\/en\/wp-json\/wp\/v2\/pages\/6814","targetHints":{"allow":["GET"]}}],"collection":[{"href":"https:\/\/eurex.lv\/en\/wp-json\/wp\/v2\/pages"}],"about":[{"href":"https:\/\/eurex.lv\/en\/wp-json\/wp\/v2\/types\/page"}],"author":[{"embeddable":true,"href":"https:\/\/eurex.lv\/en\/wp-json\/wp\/v2\/users\/9"}],"replies":[{"embeddable":true,"href":"https:\/\/eurex.lv\/en\/wp-json\/wp\/v2\/comments?post=6814"}],"version-history":[{"count":18,"href":"https:\/\/eurex.lv\/en\/wp-json\/wp\/v2\/pages\/6814\/revisions"}],"predecessor-version":[{"id":7709,"href":"https:\/\/eurex.lv\/en\/wp-json\/wp\/v2\/pages\/6814\/revisions\/7709"}],"wp:attachment":[{"href":"https:\/\/eurex.lv\/en\/wp-json\/wp\/v2\/media?parent=6814"}],"curies":[{"name":"wp","href":"https:\/\/api.w.org\/{rel}","templated":true}]}}